{"id":7236,"date":"2021-12-15T11:48:10","date_gmt":"2021-12-15T10:48:10","guid":{"rendered":"https:\/\/develop.ancientandrecent.com\/?page_id=7236"},"modified":"2022-02-01T08:42:35","modified_gmt":"2022-02-01T07:42:35","slug":"contattaci","status":"publish","type":"page","link":"https:\/\/develop.ancientandrecent.com\/it\/contattaci\/","title":{"rendered":"Contattaci"},"content":{"rendered":"<div class=\"fusion-fullwidth fullwidth-box fusion-builder-row-1 fusion-flex-container nonhundred-percent-fullwidth non-hundred-percent-height-scrolling\" style=\"--awb-border-radius-top-left:0px;--awb-border-radius-top-right:0px;--awb-border-radius-bottom-right:0px;--awb-border-radius-bottom-left:0px;--awb-margin-bottom:90px;--awb-flex-wrap:wrap;\" ><div class=\"fusion-builder-row fusion-row fusion-flex-align-items-flex-start fusion-flex-content-wrap\" style=\"max-width:1456px;margin-left: calc(-4% \/ 2 );margin-right: calc(-4% \/ 2 );\"><div class=\"fusion-layout-column fusion_builder_column fusion-builder-column-0 fusion_builder_column_1_1 1_1 fusion-flex-column\" style=\"--awb-bg-size:cover;--awb-width-large:100%;--awb-margin-top-large:0px;--awb-spacing-right-large:1.92%;--awb-margin-bottom-large:0px;--awb-spacing-left-large:1.92%;--awb-width-medium:100%;--awb-order-medium:0;--awb-spacing-right-medium:1.92%;--awb-spacing-left-medium:1.92%;--awb-width-small:100%;--awb-order-small:0;--awb-spacing-right-small:1.92%;--awb-spacing-left-small:1.92%;\"><div class=\"fusion-column-wrapper fusion-column-has-shadow fusion-flex-justify-content-flex-start fusion-content-layout-column\"><div class=\"fusion-text fusion-text-1\" style=\"--awb-text-transform:none;\"><p>Il nostro servizio clienti specializzato \u00e8 molto cordiale e disponibile, sempre a tua disposizione per farti sentire come a casa e garantirti un\u2019esperienza indimenticabile. Prima ancora di pianificare e prenotare una qualsiasi delle nostre esperienze, con la Realt\u00e0 Virtuale o Tour a piedi, se hai bisogno di informazioni pi\u00f9 dettagliate o hai richieste particolari, il nostro staff risponder\u00e0 a tutte le tue domande e dubbi sui nostri servizi e cercher\u00e0 di fornirti la soluzione pi\u00f9 adatta a te, alla tua famiglia o gruppo di amici.<\/p>\n<p>Se hai un imprevisto prima della partenza del tour, contatta urgentemente il nostro team che far\u00e0 del suo meglio per non perdere l\u2019attivit\u00e0 che hai prenotato. Non esitare a contattare l\u2019Assistenza Clienti \u201cAncient and Recent\u201d, lo staff ti risponder\u00e0 prontamente. In alternativa, puoi anche compilare il modulo di contatto e un operatore ti risponder\u00e0 entro 48 ore.<\/p>\n<p>Professionalit\u00e0, amicizia, qualit\u00e0 sono le parole chiave che ci contraddistinguono.<\/p>\n<\/div><\/div><\/div><div class=\"fusion-layout-column fusion_builder_column fusion-builder-column-1 fusion_builder_column_1_3 1_3 fusion-flex-column\" style=\"--awb-padding-top:15px;--awb-bg-size:cover;--awb-width-large:33.333333333333%;--awb-margin-top-large:0px;--awb-spacing-right-large:8.64%;--awb-margin-bottom-large:0px;--awb-spacing-left-large:5.76%;--awb-width-medium:33.333333333333%;--awb-spacing-right-medium:8.64%;--awb-spacing-left-medium:5.76%;--awb-width-small:100%;--awb-order-small:1;--awb-spacing-right-small:1.92%;--awb-spacing-left-small:1.92%;\"><div class=\"fusion-column-wrapper fusion-column-has-shadow fusion-flex-justify-content-flex-start fusion-content-layout-column\"><div class=\"fusion-title title fusion-title-1 fusion-sep-none fusion-title-text fusion-title-size-two\" style=\"--awb-margin-top:5%;--awb-margin-bottom:10%;--awb-font-size:28px;\"><h2 class=\"fusion-title-heading title-heading-left fusion-responsive-typography-calculated\" style=\"margin:0;font-size:1em;--fontSize:28;line-height:1.5;\">Nuovo prezzo? Nuovo piano? Nessun problema. Siamo qui per aiutarti, 7\/7.<\/h2><\/div><div class=\"fusion-text fusion-text-2\" style=\"--awb-text-transform:none;\"><p>Contattaci dalle: 09:00 alle 18:00<\/p>\n<p><a class=\"fb-icon-element-1 fb-icon-element fontawesome-icon fa-whatsapp fab circle-no fusion-text-flow fusion-link\" style=\"--awb-iconcolor:#25d366;--awb-iconcolor-hover:#25d366;--awb-font-size:32px;--awb-margin-right:16px;\" href=\"https:\/\/wa.me\/393313586107\" aria-label=\"Link to https:\/\/wa.me\/393313586107\" target=\"_self\"><\/a><i class=\"fb-icon-element-2 fb-icon-element fontawesome-icon fa-phone-alt fas circle-no fusion-text-flow\" style=\"--awb-iconcolor:#000000;--awb-iconcolor-hover:#000000;--awb-font-size:25px;--awb-margin-right:12.5px;\"><\/i> <a href=\"tel:+393313586107\">(39) 331 358 6107<\/a><\/p>\n<\/div><div class=\"fusion-title title fusion-title-2 fusion-sep-none fusion-title-text fusion-title-size-two\" style=\"--awb-margin-top:5%;--awb-margin-bottom:5%;--awb-font-size:28px;\"><h2 class=\"fusion-title-heading title-heading-left fusion-responsive-typography-calculated\" style=\"margin:0;font-size:1em;--fontSize:28;line-height:1.5;\">Seguici su i social<\/h2><\/div><div class=\"fusion-social-links fusion-social-links-1\" style=\"--awb-margin-top:0px;--awb-margin-right:0px;--awb-margin-bottom:0px;--awb-margin-left:0px;--awb-box-border-top:0px;--awb-box-border-right:0px;--awb-box-border-bottom:0px;--awb-box-border-left:0px;--awb-icon-colors-hover:rgba(158,160,164,0.8);--awb-box-colors-hover:rgba(242,243,245,0.8);--awb-box-border-color:var(--awb-color3);--awb-box-border-color-hover:var(--awb-color4);\"><div class=\"fusion-social-networks color-type-brand\"><div class=\"fusion-social-networks-wrapper\"><a class=\"fusion-social-network-icon fusion-tooltip fusion-facebook awb-icon-facebook\" style=\"color:#3b5998;font-size:34px;\" data-placement=\"top\" data-title=\"Facebook\" data-toggle=\"tooltip\" title=\"Facebook\" aria-label=\"facebook\" target=\"_blank\" rel=\"noopener noreferrer\" href=\"https:\/\/www.facebook.com\/AncientRecent\"><\/a><a class=\"fusion-social-network-icon fusion-tooltip fusion-twitter awb-icon-twitter\" style=\"color:#000000;font-size:34px;\" data-placement=\"top\" data-title=\"X\" data-toggle=\"tooltip\" title=\"X\" aria-label=\"twitter\" target=\"_blank\" rel=\"noopener noreferrer\" href=\"https:\/\/twitter.com\/AncientRecent\/\"><\/a><a class=\"fusion-social-network-icon fusion-tooltip fusion-instagram awb-icon-instagram\" style=\"color:#c13584;font-size:34px;\" data-placement=\"top\" data-title=\"Instagram\" data-toggle=\"tooltip\" title=\"Instagram\" aria-label=\"instagram\" target=\"_blank\" rel=\"noopener noreferrer\" href=\"https:\/\/www.instagram.com\/ancientandrecent\/\"><\/a><a class=\"fusion-social-network-icon fusion-tooltip fusion-linkedin awb-icon-linkedin\" style=\"color:#0077b5;font-size:34px;\" data-placement=\"top\" data-title=\"LinkedIn\" data-toggle=\"tooltip\" title=\"LinkedIn\" aria-label=\"linkedin\" target=\"_blank\" rel=\"noopener noreferrer\" href=\"https:\/\/www.linkedin.com\/company\/ancientandrecent\"><\/a><\/div><\/div><\/div><div class=\"fusion-title title fusion-title-3 fusion-sep-none fusion-title-text fusion-title-size-two\" style=\"--awb-margin-top:10%;--awb-margin-bottom:5%;--awb-font-size:28px;\"><h2 class=\"fusion-title-heading title-heading-left fusion-responsive-typography-calculated\" style=\"margin:0;font-size:1em;--fontSize:28;line-height:1.5;\">Esplora le FAQ<\/h2><\/div><div ><a class=\"fusion-button button-flat fusion-button-default-size button-default fusion-button-default button-1 fusion-button-default-span fusion-button-default-type\" target=\"_self\" href=\"\/it\/faq\/\"><span class=\"fusion-button-text\">VAI A &gt;<\/span><\/a><\/div><\/div><\/div><div class=\"fusion-layout-column fusion_builder_column fusion-builder-column-2 fusion_builder_column_2_3 2_3 fusion-flex-column\" style=\"--awb-bg-size:cover;--awb-width-large:66.666666666667%;--awb-margin-top-large:0px;--awb-spacing-right-large:2.88%;--awb-margin-bottom-large:0px;--awb-spacing-left-large:8.64%;--awb-width-medium:66.666666666667%;--awb-order-medium:0;--awb-spacing-right-medium:2.88%;--awb-spacing-left-medium:8.64%;--awb-width-small:100%;--awb-order-small:0;--awb-spacing-right-small:1.92%;--awb-spacing-left-small:1.92%;\"><div class=\"fusion-column-wrapper fusion-column-has-shadow fusion-flex-justify-content-flex-start fusion-content-layout-column\"><div class=\"fusion-form fusion-form-builder fusion-form-form-wrapper fusion-form-7292\" style=\"--awb-tooltip-text-color:#ffffff;--awb-tooltip-background-color:#333333;\" data-form-id=\"7292\" id=\"immContactForm\" data-config=\"{&quot;form_id&quot;:7292,&quot;form_post_id&quot;:7292,&quot;post_id&quot;:7236,&quot;form_type&quot;:&quot;ajax&quot;,&quot;confirmation_type&quot;:&quot;message&quot;,&quot;redirect_url&quot;:&quot;&quot;,&quot;field_labels&quot;:{&quot;field_name&quot;:&quot;&quot;,&quot;field_surname&quot;:&quot;&quot;,&quot;field_email&quot;:&quot;&quot;,&quot;field_phone&quot;:&quot;&quot;,&quot;field_subject&quot;:&quot;&quot;,&quot;field_message&quot;:&quot;&quot;,&quot;field_privacy&quot;:&quot;&quot;},&quot;field_logics&quot;:{&quot;field_name&quot;:&quot;&quot;,&quot;field_surname&quot;:&quot;&quot;,&quot;field_email&quot;:&quot;&quot;,&quot;field_phone&quot;:&quot;&quot;,&quot;field_subject&quot;:&quot;&quot;,&quot;field_message&quot;:&quot;&quot;,&quot;field_privacy&quot;:&quot;&quot;,&quot;notice_1&quot;:&quot;&quot;},&quot;field_types&quot;:{&quot;field_name&quot;:&quot;text&quot;,&quot;field_surname&quot;:&quot;text&quot;,&quot;field_email&quot;:&quot;email&quot;,&quot;field_phone&quot;:&quot;phone_number&quot;,&quot;field_subject&quot;:&quot;text&quot;,&quot;field_message&quot;:&quot;textarea&quot;,&quot;field_privacy&quot;:&quot;checkbox&quot;,&quot;submit_1&quot;:&quot;submit&quot;,&quot;recaptcha_1&quot;:&quot;recaptcha&quot;,&quot;notice_1&quot;:&quot;notice&quot;},&quot;nonce_method&quot;:&quot;ajax&quot;}\"><form action=\"https:\/\/develop.ancientandrecent.com\/it\/contattaci\/\" method=\"post\" class=\"fusion-form fusion-form-7292\"><div class=\"fusion-fullwidth fullwidth-box fusion-builder-row-1-1 fusion-flex-container nonhundred-percent-fullwidth non-hundred-percent-height-scrolling\" style=\"--awb-border-radius-top-left:0px;--awb-border-radius-top-right:0px;--awb-border-radius-bottom-right:0px;--awb-border-radius-bottom-left:0px;--awb-flex-wrap:wrap;\" ><div class=\"fusion-builder-row fusion-row fusion-flex-align-items-flex-start fusion-flex-content-wrap\" style=\"width:104% !important;max-width:104% !important;margin-left: calc(-4% \/ 2 );margin-right: calc(-4% \/ 2 );\"><div class=\"fusion-layout-column fusion_builder_column fusion-builder-column-3 fusion_builder_column_1_2 1_2 fusion-flex-column\" style=\"--awb-bg-size:cover;--awb-width-large:50%;--awb-margin-top-large:0px;--awb-spacing-right-large:3.84%;--awb-margin-bottom-large:0px;--awb-spacing-left-large:3.84%;--awb-width-medium:50%;--awb-order-medium:0;--awb-spacing-right-medium:3.84%;--awb-spacing-left-medium:3.84%;--awb-width-small:100%;--awb-order-small:0;--awb-spacing-right-small:1.92%;--awb-spacing-left-small:1.92%;\"><div class=\"fusion-column-wrapper fusion-column-has-shadow fusion-flex-justify-content-flex-start fusion-content-layout-column\"><div class=\"fusion-form-field fusion-form-text-field fusion-form-label-above\" style=\"\" data-form-id=\"7292\"><div class=\"fusion-form-input-with-icon\"><i class=\"awb-form-icon fa-user fas\"><\/i><input type=\"text\" name=\"field_name\" id=\"field_name\" value=\"\"  class=\"fusion-form-input\" required=\"true\" aria-required=\"true\" placeholder=\"Inserire Nome*\" data-holds-private-data=\"false\" minlength=\"2\"\/><\/div><\/div><\/div><\/div><div class=\"fusion-layout-column fusion_builder_column fusion-builder-column-4 fusion_builder_column_1_2 1_2 fusion-flex-column\" style=\"--awb-bg-size:cover;--awb-width-large:50%;--awb-margin-top-large:0px;--awb-spacing-right-large:3.84%;--awb-margin-bottom-large:0px;--awb-spacing-left-large:3.84%;--awb-width-medium:50%;--awb-order-medium:0;--awb-spacing-right-medium:3.84%;--awb-spacing-left-medium:3.84%;--awb-width-small:100%;--awb-order-small:0;--awb-spacing-right-small:1.92%;--awb-spacing-left-small:1.92%;\"><div class=\"fusion-column-wrapper fusion-column-has-shadow fusion-flex-justify-content-flex-start fusion-content-layout-column\"><div class=\"fusion-form-field fusion-form-text-field fusion-form-label-above\" style=\"\" data-form-id=\"7292\"><div class=\"fusion-form-input-with-icon\"><i class=\"awb-form-icon fa-user fas\"><\/i><input type=\"text\" name=\"field_surname\" id=\"field_surname\" value=\"\"  class=\"fusion-form-input\" required=\"true\" aria-required=\"true\" placeholder=\"Inserire Cognome*\" data-holds-private-data=\"false\" minlength=\"2\"\/><\/div><\/div><\/div><\/div><div class=\"fusion-layout-column fusion_builder_column fusion-builder-column-5 fusion_builder_column_1_2 1_2 fusion-flex-column\" style=\"--awb-bg-size:cover;--awb-width-large:50%;--awb-margin-top-large:0px;--awb-spacing-right-large:3.84%;--awb-margin-bottom-large:0px;--awb-spacing-left-large:3.84%;--awb-width-medium:50%;--awb-order-medium:0;--awb-spacing-right-medium:3.84%;--awb-spacing-left-medium:3.84%;--awb-width-small:100%;--awb-order-small:0;--awb-spacing-right-small:1.92%;--awb-spacing-left-small:1.92%;\"><div class=\"fusion-column-wrapper fusion-column-has-shadow fusion-flex-justify-content-flex-start fusion-content-layout-column\"><div class=\"fusion-form-field fusion-form-email-field fusion-form-label-above\" style=\"\" data-form-id=\"7292\"><div class=\"fusion-form-input-with-icon\"><i class=\"awb-form-icon fa-envelope fas\"><\/i><input type=\"email\" name=\"field_email\" id=\"field_email\" value=\"\"  class=\"fusion-form-input\" required=\"true\" aria-required=\"true\" placeholder=\"Inserire Email*\" data-holds-private-data=\"false\"\/><\/div><\/div><\/div><\/div><div class=\"fusion-layout-column fusion_builder_column fusion-builder-column-6 fusion_builder_column_1_2 1_2 fusion-flex-column\" style=\"--awb-bg-size:cover;--awb-width-large:50%;--awb-margin-top-large:0px;--awb-spacing-right-large:3.84%;--awb-margin-bottom-large:0px;--awb-spacing-left-large:3.84%;--awb-width-medium:50%;--awb-order-medium:0;--awb-spacing-right-medium:3.84%;--awb-spacing-left-medium:3.84%;--awb-width-small:100%;--awb-order-small:0;--awb-spacing-right-small:1.92%;--awb-spacing-left-small:1.92%;\"><div class=\"fusion-column-wrapper fusion-column-has-shadow fusion-flex-justify-content-flex-start fusion-content-layout-column\"><div class=\"fusion-form-field fusion-form-phone-number-field fusion-form-label-above\" style=\"\" data-form-id=\"7292\"><div class=\"fusion-form-input-with-icon\"><i class=\"awb-form-icon fa-phone fas\"><\/i><input type=\"tel\" name=\"field_phone\" id=\"field_phone\" value=\"\"  class=\"fusion-form-input\" placeholder=\"Inserire Telefono\" data-holds-private-data=\"false\"\/><\/div><\/div><\/div><\/div><div class=\"fusion-layout-column fusion_builder_column fusion-builder-column-7 fusion_builder_column_1_1 1_1 fusion-flex-column\" style=\"--awb-bg-size:cover;--awb-width-large:100%;--awb-margin-top-large:0px;--awb-spacing-right-large:1.92%;--awb-margin-bottom-large:0px;--awb-spacing-left-large:1.92%;--awb-width-medium:100%;--awb-order-medium:0;--awb-spacing-right-medium:1.92%;--awb-spacing-left-medium:1.92%;--awb-width-small:100%;--awb-order-small:0;--awb-spacing-right-small:1.92%;--awb-spacing-left-small:1.92%;\"><div class=\"fusion-column-wrapper fusion-column-has-shadow fusion-flex-justify-content-flex-start fusion-content-layout-column\"><div class=\"fusion-form-field fusion-form-text-field fusion-form-label-above\" style=\"\" data-form-id=\"7292\"><div class=\"fusion-form-input-with-icon\"><i class=\"awb-form-icon fa-question-circle fas\"><\/i><input type=\"text\" name=\"field_subject\" id=\"field_subject\" value=\"\"  class=\"fusion-form-input\" required=\"true\" aria-required=\"true\" placeholder=\"Inserire Oggetto*\" data-holds-private-data=\"false\" minlength=\"2\"\/><\/div><\/div><div class=\"fusion-form-field fusion-form-textarea-field fusion-form-label-above\" style=\"\" data-form-id=\"7292\"><div class=\"fusion-form-input-with-icon\"><i class=\" fa-comment-alt fas\"><\/i><textarea cols=\"40\"  minlength=\"0\"  rows=\"4\" tabindex=\"\" id=\"field_message\" name=\"field_message\" class=\"fusion-form-input\" required=\"true\" aria-required=\"true\" placeholder=\"Inserire Messaggio*\" data-holds-private-data=\"false\"><\/textarea><\/div><\/div><div class=\"fusion-form-field fusion-form-checkbox-field fusion-form-label-above\" style=\"\" data-form-id=\"7292\"><fieldset><div class=\"fusion-form-checkbox\"><input tabindex=\"\" id=\"checkbox-field_privacy-1-0\" type=\"checkbox\" value=\"Ho letto e accetto le <a href='\/it\/privacy-policy'> <b>condizioni per il trattamento dei dati personali<\/b><\/a>.\" name=\"field_privacy[]\" class=\"fusion-form-input\" required=\"true\" aria-required=\"true\" data-holds-private-data=\"false\"\/><label for=\"checkbox-field_privacy-1-0\">Ho letto e accetto le <a href='\/it\/privacy-policy'> <b>condizioni per il trattamento dei dati personali<\/b><\/a>.<\/label><\/div><\/fieldset><\/div><div class=\"fusion-form-field fusion-form-submit-field fusion-form-label-above\" style=\"\" data-form-id=\"7292\"><div ><button type=\"submit\" class=\"fusion-button button-flat fusion-button-default-size button-default fusion-button-default button-2 fusion-button-default-span  form-form-submit button-default\" data-form-number=\"7292\" tabindex=\"\"><span class=\"fusion-button-text\">Invia<\/span><\/button><\/div><\/div><div class=\"fusion-form-field fusion-form-recaptcha-field fusion-form-label-above\" style=\"\" data-form-id=\"7292\">\t\t\t\t<div class=\"form-creator-recaptcha\" >\n\t\t\t\t\t\t\t\t\t\t\t\t\t\t<div class=\"fusion-form-recaptcha-wrapper\">\n\t\t\t\t\t<div\n\t\t\t\t\t\tid=\"g-recaptcha-id-form-7292\"\n\t\t\t\t\t\tclass=\"awb-recaptcha-v2 fusion-form-recaptcha-v2\"\n\t\t\t\t\t\tdata-theme=\"light\"\n\t\t\t\t\t\tdata-sitekey=\"6LdgZWIeAAAAAIgJoxWzQElOnsGz1f2RRLlZ-Ohe\"\n\t\t\t\t\t\tdata-tabindex=\"\">\n\t\t\t\t\t<\/div>\n\t\t\t\t<\/div>\n\t\t\t\t\t\t\t\t\t\t\t<\/div>\n\t\t\t\t<\/div><div class=\"form-submission-notices data-notice_1\" id=\"fusion-notices-1\"><div class=\"fusion-alert alert success alert-success fusion-alert-center fusion-form-response fusion-form-response-success awb-alert-native-link-color alert-dismissable awb-alert-close-boxed\" role=\"alert\"><div class=\"fusion-alert-content-wrapper\"><span class=\"alert-icon\"><i class=\"awb-icon-check-circle\" aria-hidden=\"true\"><\/i><\/span><span class=\"fusion-alert-content\">Grazie, il vostro messaggio \u00e8 stato inviato.<\/span><\/div><button type=\"button\" class=\"close toggle-alert\" data-dismiss=\"alert\" aria-label=\"Close\">&times;<\/button><\/div><div class=\"fusion-alert alert error alert-danger fusion-alert-center fusion-form-response fusion-form-response-error awb-alert-native-link-color alert-dismissable awb-alert-close-boxed\" role=\"alert\"><div class=\"fusion-alert-content-wrapper\"><span class=\"alert-icon\"><i class=\"awb-icon-exclamation-triangle\" aria-hidden=\"true\"><\/i><\/span><span class=\"fusion-alert-content\">Si \u00e8 verificato un errore durante l'invio del messaggio. Per favore riprova pi\u00f9 tardi.<\/span><\/div><button type=\"button\" class=\"close toggle-alert\" data-dismiss=\"alert\" aria-label=\"Close\">&times;<\/button><\/div><\/div><\/div><\/div><\/div><\/div><\/form><\/div><\/div><\/div><\/div><\/div>\n","protected":false},"excerpt":{"rendered":"","protected":false},"author":1,"featured_media":0,"parent":0,"menu_order":0,"comment_status":"closed","ping_status":"closed","template":"100-width.php","meta":{"footnotes":""},"class_list":["post-7236","page","type-page","status-publish","hentry"],"yoast_head":"<!-- This site is optimized with the Yoast SEO plugin v26.0 - https:\/\/yoast.com\/wordpress\/plugins\/seo\/ -->\n<title>Contattaci - Ancient and Recent<\/title>\n<meta name=\"description\" content=\"Contattaci\" \/>\n<meta name=\"robots\" content=\"index, follow, max-snippet:-1, max-image-preview:large, max-video-preview:-1\" \/>\n<link rel=\"canonical\" href=\"https:\/\/develop.ancientandrecent.com\/it\/contattaci\/\" \/>\n<meta property=\"og:locale\" content=\"it_IT\" \/>\n<meta property=\"og:type\" content=\"article\" \/>\n<meta property=\"og:title\" content=\"Contattaci - Ancient and Recent\" \/>\n<meta property=\"og:description\" content=\"Contattaci\" \/>\n<meta property=\"og:url\" content=\"https:\/\/develop.ancientandrecent.com\/it\/contattaci\/\" \/>\n<meta property=\"og:site_name\" content=\"Ancient and Recent\" \/>\n<meta property=\"article:modified_time\" content=\"2022-02-01T07:42:35+00:00\" \/>\n<meta name=\"twitter:card\" content=\"summary_large_image\" \/>\n<meta name=\"twitter:label1\" content=\"Tempo di lettura stimato\" \/>\n\t<meta name=\"twitter:data1\" content=\"11 minuti\" \/>\n<script type=\"application\/ld+json\" class=\"yoast-schema-graph\">{\"@context\":\"https:\/\/schema.org\",\"@graph\":[{\"@type\":\"WebPage\",\"@id\":\"https:\/\/develop.ancientandrecent.com\/it\/contattaci\/\",\"url\":\"https:\/\/develop.ancientandrecent.com\/it\/contattaci\/\",\"name\":\"Contattaci - Ancient and Recent\",\"isPartOf\":{\"@id\":\"https:\/\/develop.ancientandrecent.com\/it\/#website\"},\"datePublished\":\"2021-12-15T10:48:10+00:00\",\"dateModified\":\"2022-02-01T07:42:35+00:00\",\"description\":\"Contattaci\",\"breadcrumb\":{\"@id\":\"https:\/\/develop.ancientandrecent.com\/it\/contattaci\/#breadcrumb\"},\"inLanguage\":\"it-IT\",\"potentialAction\":[{\"@type\":\"ReadAction\",\"target\":[\"https:\/\/develop.ancientandrecent.com\/it\/contattaci\/\"]}]},{\"@type\":\"BreadcrumbList\",\"@id\":\"https:\/\/develop.ancientandrecent.com\/it\/contattaci\/#breadcrumb\",\"itemListElement\":[{\"@type\":\"ListItem\",\"position\":1,\"name\":\"Home\",\"item\":\"https:\/\/develop.ancientandrecent.com\/it\/\"},{\"@type\":\"ListItem\",\"position\":2,\"name\":\"Contattaci\"}]},{\"@type\":\"WebSite\",\"@id\":\"https:\/\/develop.ancientandrecent.com\/it\/#website\",\"url\":\"https:\/\/develop.ancientandrecent.com\/it\/\",\"name\":\"Ancient and Recent\",\"description\":\"Prenota Tour Attrazioni Biglietti con Realt\u00e0 Virtuale\",\"publisher\":{\"@id\":\"https:\/\/develop.ancientandrecent.com\/it\/#organization\"},\"potentialAction\":[{\"@type\":\"SearchAction\",\"target\":{\"@type\":\"EntryPoint\",\"urlTemplate\":\"https:\/\/develop.ancientandrecent.com\/it\/?s={search_term_string}\"},\"query-input\":{\"@type\":\"PropertyValueSpecification\",\"valueRequired\":true,\"valueName\":\"search_term_string\"}}],\"inLanguage\":\"it-IT\"},{\"@type\":\"Organization\",\"@id\":\"https:\/\/develop.ancientandrecent.com\/it\/#organization\",\"name\":\"Ancient and Recent\",\"url\":\"https:\/\/develop.ancientandrecent.com\/it\/\",\"logo\":{\"@type\":\"ImageObject\",\"inLanguage\":\"it-IT\",\"@id\":\"https:\/\/develop.ancientandrecent.com\/it\/#\/schema\/logo\/image\/\",\"url\":\"https:\/\/develop.ancientandrecent.com\/wp-content\/uploads\/2021\/05\/ancient-and-recent-logo-footer.png\",\"contentUrl\":\"https:\/\/develop.ancientandrecent.com\/wp-content\/uploads\/2021\/05\/ancient-and-recent-logo-footer.png\",\"width\":276,\"height\":215,\"caption\":\"Ancient and Recent\"},\"image\":{\"@id\":\"https:\/\/develop.ancientandrecent.com\/it\/#\/schema\/logo\/image\/\"}}]}<\/script>\n<!-- \/ Yoast SEO plugin. -->","yoast_head_json":{"title":"Contattaci - Ancient and Recent","description":"Contattaci","robots":{"index":"index","follow":"follow","max-snippet":"max-snippet:-1","max-image-preview":"max-image-preview:large","max-video-preview":"max-video-preview:-1"},"canonical":"https:\/\/develop.ancientandrecent.com\/it\/contattaci\/","og_locale":"it_IT","og_type":"article","og_title":"Contattaci - Ancient and Recent","og_description":"Contattaci","og_url":"https:\/\/develop.ancientandrecent.com\/it\/contattaci\/","og_site_name":"Ancient and Recent","article_modified_time":"2022-02-01T07:42:35+00:00","twitter_card":"summary_large_image","twitter_misc":{"Tempo di lettura stimato":"11 minuti"},"schema":{"@context":"https:\/\/schema.org","@graph":[{"@type":"WebPage","@id":"https:\/\/develop.ancientandrecent.com\/it\/contattaci\/","url":"https:\/\/develop.ancientandrecent.com\/it\/contattaci\/","name":"Contattaci - Ancient and Recent","isPartOf":{"@id":"https:\/\/develop.ancientandrecent.com\/it\/#website"},"datePublished":"2021-12-15T10:48:10+00:00","dateModified":"2022-02-01T07:42:35+00:00","description":"Contattaci","breadcrumb":{"@id":"https:\/\/develop.ancientandrecent.com\/it\/contattaci\/#breadcrumb"},"inLanguage":"it-IT","potentialAction":[{"@type":"ReadAction","target":["https:\/\/develop.ancientandrecent.com\/it\/contattaci\/"]}]},{"@type":"BreadcrumbList","@id":"https:\/\/develop.ancientandrecent.com\/it\/contattaci\/#breadcrumb","itemListElement":[{"@type":"ListItem","position":1,"name":"Home","item":"https:\/\/develop.ancientandrecent.com\/it\/"},{"@type":"ListItem","position":2,"name":"Contattaci"}]},{"@type":"WebSite","@id":"https:\/\/develop.ancientandrecent.com\/it\/#website","url":"https:\/\/develop.ancientandrecent.com\/it\/","name":"Ancient and Recent","description":"Prenota Tour Attrazioni Biglietti con Realt\u00e0 Virtuale","publisher":{"@id":"https:\/\/develop.ancientandrecent.com\/it\/#organization"},"potentialAction":[{"@type":"SearchAction","target":{"@type":"EntryPoint","urlTemplate":"https:\/\/develop.ancientandrecent.com\/it\/?s={search_term_string}"},"query-input":{"@type":"PropertyValueSpecification","valueRequired":true,"valueName":"search_term_string"}}],"inLanguage":"it-IT"},{"@type":"Organization","@id":"https:\/\/develop.ancientandrecent.com\/it\/#organization","name":"Ancient and Recent","url":"https:\/\/develop.ancientandrecent.com\/it\/","logo":{"@type":"ImageObject","inLanguage":"it-IT","@id":"https:\/\/develop.ancientandrecent.com\/it\/#\/schema\/logo\/image\/","url":"https:\/\/develop.ancientandrecent.com\/wp-content\/uploads\/2021\/05\/ancient-and-recent-logo-footer.png","contentUrl":"https:\/\/develop.ancientandrecent.com\/wp-content\/uploads\/2021\/05\/ancient-and-recent-logo-footer.png","width":276,"height":215,"caption":"Ancient and Recent"},"image":{"@id":"https:\/\/develop.ancientandrecent.com\/it\/#\/schema\/logo\/image\/"}}]}},"_links":{"self":[{"href":"https:\/\/develop.ancientandrecent.com\/it\/wp-json\/wp\/v2\/pages\/7236","targetHints":{"allow":["GET"]}}],"collection":[{"href":"https:\/\/develop.ancientandrecent.com\/it\/wp-json\/wp\/v2\/pages"}],"about":[{"href":"https:\/\/develop.ancientandrecent.com\/it\/wp-json\/wp\/v2\/types\/page"}],"author":[{"embeddable":true,"href":"https:\/\/develop.ancientandrecent.com\/it\/wp-json\/wp\/v2\/users\/1"}],"replies":[{"embeddable":true,"href":"https:\/\/develop.ancientandrecent.com\/it\/wp-json\/wp\/v2\/comments?post=7236"}],"version-history":[{"count":16,"href":"https:\/\/develop.ancientandrecent.com\/it\/wp-json\/wp\/v2\/pages\/7236\/revisions"}],"predecessor-version":[{"id":9415,"href":"https:\/\/develop.ancientandrecent.com\/it\/wp-json\/wp\/v2\/pages\/7236\/revisions\/9415"}],"wp:attachment":[{"href":"https:\/\/develop.ancientandrecent.com\/it\/wp-json\/wp\/v2\/media?parent=7236"}],"curies":[{"name":"wp","href":"https:\/\/api.w.org\/{rel}","templated":true}]}}