{"id":4206,"date":"2021-09-20T11:10:51","date_gmt":"2021-09-20T09:10:51","guid":{"rendered":"https:\/\/develop.ancientandrecent.com\/?page_id=4206"},"modified":"2022-02-04T14:14:45","modified_gmt":"2022-02-04T13:14:45","slug":"chi-siamo","status":"publish","type":"page","link":"https:\/\/develop.ancientandrecent.com\/it\/chi-siamo\/","title":{"rendered":"Chi Siamo"},"content":{"rendered":"<div class=\"fusion-fullwidth fullwidth-box fusion-builder-row-1 fusion-flex-container nonhundred-percent-fullwidth non-hundred-percent-height-scrolling\" style=\"--awb-border-radius-top-left:0px;--awb-border-radius-top-right:0px;--awb-border-radius-bottom-right:0px;--awb-border-radius-bottom-left:0px;--awb-flex-wrap:wrap;\" ><div class=\"fusion-builder-row fusion-row fusion-flex-align-items-flex-start fusion-flex-content-wrap\" style=\"max-width:1456px;margin-left: calc(-4% \/ 2 );margin-right: calc(-4% \/ 2 );\"><div class=\"fusion-layout-column fusion_builder_column fusion-builder-column-0 fusion_builder_column_1_1 1_1 fusion-flex-column\" style=\"--awb-bg-size:cover;--awb-width-large:100%;--awb-margin-top-large:0px;--awb-spacing-right-large:1.92%;--awb-margin-bottom-large:0px;--awb-spacing-left-large:1.92%;--awb-width-medium:100%;--awb-order-medium:0;--awb-spacing-right-medium:1.92%;--awb-spacing-left-medium:1.92%;--awb-width-small:100%;--awb-order-small:0;--awb-spacing-right-small:1.92%;--awb-spacing-left-small:1.92%;\"><div class=\"fusion-column-wrapper fusion-column-has-shadow fusion-flex-justify-content-flex-start fusion-content-layout-column\"><div class=\"fusion-title title fusion-title-1 fusion-sep-none fusion-title-center fusion-title-text fusion-title-size-one\"><h1 class=\"fusion-title-heading title-heading-center fusion-responsive-typography-calculated\" style=\"margin:0;--fontSize:32;line-height:1;\">Chi Siamo<\/h1><\/div><div class=\"fusion-text fusion-text-1\" style=\"--awb-text-transform:none;\"><p>Ancient&amp;Recent nasce nel 2017 come primo Tour Operator specializzato nella fruizione dei Beni Culturali. Il tutto grazie alle tecnologie della <strong>Realt\u00e0 Virtuale<\/strong> e della <strong>Realt\u00e0 Aumentata<\/strong>. Da cinque anni, il Tour Operator organizza percorsi culturali e turistici volti a raccontare monumenti; siti archeologici; e luoghi d\u2019interesse turistico. Con noi potrai partecipare a <strong>Tour per famiglie con bambini<\/strong>; organizzare la tua festa di compleanno in modo originale e innovativo; <strong>Tour per scuole e studenti<\/strong>; coinvolgere la tua azienda in un <strong>Tour eventi immersive<\/strong>. E molto altro ancora.<br \/>\nQuesta tecnologia all\u2019avanguardia\u00a0permette di\u00a0ottenere una ricostruzione\u00a0<strong>3D\u00a0<\/strong>del bene culturale o\u00a0dell\u2019area archeologica per come si presentava nel periodo del suo massimo splendore. Si riporteranno alla luce monumenti ormai scomparsi, trasportando indietro nel tempo il visitatore.<\/p>\n<p>Ancient&amp;Recent \u00e8 il risultato di una lunga esperienza del nostro team, composto da aziende e personale specializzato. Noi cerchiamo di mettere in luce i siti culturali e turistici tramite programmi multimediali come <strong>Tour Colosseo Realt\u00e0 Virtuale<\/strong>; <strong>Circo Massimo Realt\u00e0 Virtuale<\/strong>; <strong>Vaticano<\/strong> e <strong>Cappella Sistina Realt\u00e0 Virtuale<\/strong>; e R<strong>ealt\u00e0 Aumentata Civita di Bagnoregio<\/strong>.<\/p>\n<p>Ancient&amp;Recent, in altre parole, cerca di riportare in vita la storia di tutti i monumenti di <strong>Roma<\/strong> e non solo. Un nuovo tipo di comunicazione che vede insieme realt\u00e0 ed esperienza virtuale. Il tutto usando le tecnologie pi\u00f9 innovative.<\/p>\n<h2><strong>Chi Siamo? Cos&#8217;\u00e8 la Realt\u00e0 Virtuale<\/strong><\/h2>\n<p>Ancient&amp;Recent mette in atto un nuovo modo di fare turismo. Dopotutto siamo in una delle citt\u00e0 pi\u00f9 importanti del mondo! Partendo dal tour a piedi di <strong>Roma Antica<\/strong>, o dal <strong>Tour guidato<\/strong> del <strong>Colosseo<\/strong>, potrai visitare, grazie ad un <strong>visore VR<\/strong>, il <strong>Colosseo<\/strong>, il <strong>Vaticano<\/strong> e la <strong>Cappella Sistina<\/strong> ed il <strong>Circo Massimo<\/strong>. Entra nell\u2019arena; guarda una battaglia tra <strong>gladiatori<\/strong>; decidi se uccidere o salvare il gladiatore ferito; cammina per i sotterranei; incontra Romolo; assisti alla <em>Creazione di Adamo ed Eva<\/em> ed infine partecipa ad una corsa con le bighe. Sarai tu il vincitore del premio finale?<\/p>\n<p>Per concludere, con una <strong>Realt\u00e0 Aumentata<\/strong>, vai alla scoperta della citt\u00e0 di <strong>Civita di Bagnoregi<\/strong>o. Uno dei borghi pi\u00f9 belli e suggestivi d&#8217;<strong>Italia<\/strong>. Ti sembrer\u00e0 di essere veramente l\u00ec. Con le descrizioni audio; le riproduzioni; e le animazioni storiche, capirai molto meglio la loro storia. Scopri il <strong>borgo di Civita di Bagnoregio<\/strong> come mai prima! Immergiti completamente nella storia della citt\u00e0 e respirane la sua magia.<\/p>\n<p>Ancient&amp;Recent, in primo luogo, crede veramente che la <strong>Realt\u00e0 Virtuale Roma<\/strong> possa essere pi\u00f9 formativa nella nostra vita. Permette, dunque, di conservare, trasmettere e dare valore al patrimonio culturale.<\/p>\n<\/div><\/div><\/div><\/div><\/div>\n","protected":false},"excerpt":{"rendered":"","protected":false},"author":1,"featured_media":0,"parent":0,"menu_order":0,"comment_status":"closed","ping_status":"closed","template":"100-width.php","meta":{"footnotes":""},"class_list":["post-4206","page","type-page","status-publish","hentry"],"yoast_head":"<!-- This site is optimized with the Yoast SEO plugin v26.0 - https:\/\/yoast.com\/wordpress\/plugins\/seo\/ -->\n<title>Chi Siamo - Ancient and Recent<\/title>\n<meta name=\"description\" content=\"Scopri chi siamo in un Tour Colosseo Realt\u00e0 Virtuale; Circo Massimo, Vaticano in Realt\u00e0 Virtuale; Realt\u00e0 Aumentata Civita di Bagnoregio\" \/>\n<meta name=\"robots\" content=\"index, follow, max-snippet:-1, max-image-preview:large, max-video-preview:-1\" \/>\n<link rel=\"canonical\" href=\"https:\/\/develop.ancientandrecent.com\/it\/chi-siamo\/\" \/>\n<meta property=\"og:locale\" content=\"it_IT\" \/>\n<meta property=\"og:type\" content=\"article\" \/>\n<meta property=\"og:title\" content=\"Chi Siamo - Ancient and Recent\" \/>\n<meta property=\"og:description\" content=\"Scopri chi siamo in un Tour Colosseo Realt\u00e0 Virtuale; Circo Massimo, Vaticano in Realt\u00e0 Virtuale; Realt\u00e0 Aumentata Civita di Bagnoregio\" \/>\n<meta property=\"og:url\" content=\"https:\/\/develop.ancientandrecent.com\/it\/chi-siamo\/\" \/>\n<meta property=\"og:site_name\" content=\"Ancient and Recent\" \/>\n<meta property=\"article:modified_time\" content=\"2022-02-04T13:14:45+00:00\" \/>\n<meta name=\"twitter:card\" content=\"summary_large_image\" \/>\n<meta name=\"twitter:label1\" content=\"Tempo di lettura stimato\" \/>\n\t<meta name=\"twitter:data1\" content=\"3 minuti\" \/>\n<script type=\"application\/ld+json\" class=\"yoast-schema-graph\">{\"@context\":\"https:\/\/schema.org\",\"@graph\":[{\"@type\":\"WebPage\",\"@id\":\"https:\/\/develop.ancientandrecent.com\/it\/chi-siamo\/\",\"url\":\"https:\/\/develop.ancientandrecent.com\/it\/chi-siamo\/\",\"name\":\"Chi Siamo - Ancient and Recent\",\"isPartOf\":{\"@id\":\"https:\/\/develop.ancientandrecent.com\/it\/#website\"},\"datePublished\":\"2021-09-20T09:10:51+00:00\",\"dateModified\":\"2022-02-04T13:14:45+00:00\",\"description\":\"Scopri chi siamo in un Tour Colosseo Realt\u00e0 Virtuale; Circo Massimo, Vaticano in Realt\u00e0 Virtuale; Realt\u00e0 Aumentata Civita di Bagnoregio\",\"breadcrumb\":{\"@id\":\"https:\/\/develop.ancientandrecent.com\/it\/chi-siamo\/#breadcrumb\"},\"inLanguage\":\"it-IT\",\"potentialAction\":[{\"@type\":\"ReadAction\",\"target\":[\"https:\/\/develop.ancientandrecent.com\/it\/chi-siamo\/\"]}]},{\"@type\":\"BreadcrumbList\",\"@id\":\"https:\/\/develop.ancientandrecent.com\/it\/chi-siamo\/#breadcrumb\",\"itemListElement\":[{\"@type\":\"ListItem\",\"position\":1,\"name\":\"Home\",\"item\":\"https:\/\/develop.ancientandrecent.com\/it\/\"},{\"@type\":\"ListItem\",\"position\":2,\"name\":\"Chi Siamo\"}]},{\"@type\":\"WebSite\",\"@id\":\"https:\/\/develop.ancientandrecent.com\/it\/#website\",\"url\":\"https:\/\/develop.ancientandrecent.com\/it\/\",\"name\":\"Ancient and Recent\",\"description\":\"Prenota Tour Attrazioni Biglietti con Realt\u00e0 Virtuale\",\"publisher\":{\"@id\":\"https:\/\/develop.ancientandrecent.com\/it\/#organization\"},\"potentialAction\":[{\"@type\":\"SearchAction\",\"target\":{\"@type\":\"EntryPoint\",\"urlTemplate\":\"https:\/\/develop.ancientandrecent.com\/it\/?s={search_term_string}\"},\"query-input\":{\"@type\":\"PropertyValueSpecification\",\"valueRequired\":true,\"valueName\":\"search_term_string\"}}],\"inLanguage\":\"it-IT\"},{\"@type\":\"Organization\",\"@id\":\"https:\/\/develop.ancientandrecent.com\/it\/#organization\",\"name\":\"Ancient and Recent\",\"url\":\"https:\/\/develop.ancientandrecent.com\/it\/\",\"logo\":{\"@type\":\"ImageObject\",\"inLanguage\":\"it-IT\",\"@id\":\"https:\/\/develop.ancientandrecent.com\/it\/#\/schema\/logo\/image\/\",\"url\":\"https:\/\/develop.ancientandrecent.com\/wp-content\/uploads\/2021\/05\/ancient-and-recent-logo-footer.png\",\"contentUrl\":\"https:\/\/develop.ancientandrecent.com\/wp-content\/uploads\/2021\/05\/ancient-and-recent-logo-footer.png\",\"width\":276,\"height\":215,\"caption\":\"Ancient and Recent\"},\"image\":{\"@id\":\"https:\/\/develop.ancientandrecent.com\/it\/#\/schema\/logo\/image\/\"}}]}<\/script>\n<!-- \/ Yoast SEO plugin. -->","yoast_head_json":{"title":"Chi Siamo - Ancient and Recent","description":"Scopri chi siamo in un Tour Colosseo Realt\u00e0 Virtuale; Circo Massimo, Vaticano in Realt\u00e0 Virtuale; Realt\u00e0 Aumentata Civita di Bagnoregio","robots":{"index":"index","follow":"follow","max-snippet":"max-snippet:-1","max-image-preview":"max-image-preview:large","max-video-preview":"max-video-preview:-1"},"canonical":"https:\/\/develop.ancientandrecent.com\/it\/chi-siamo\/","og_locale":"it_IT","og_type":"article","og_title":"Chi Siamo - Ancient and Recent","og_description":"Scopri chi siamo in un Tour Colosseo Realt\u00e0 Virtuale; Circo Massimo, Vaticano in Realt\u00e0 Virtuale; Realt\u00e0 Aumentata Civita di Bagnoregio","og_url":"https:\/\/develop.ancientandrecent.com\/it\/chi-siamo\/","og_site_name":"Ancient and Recent","article_modified_time":"2022-02-04T13:14:45+00:00","twitter_card":"summary_large_image","twitter_misc":{"Tempo di lettura stimato":"3 minuti"},"schema":{"@context":"https:\/\/schema.org","@graph":[{"@type":"WebPage","@id":"https:\/\/develop.ancientandrecent.com\/it\/chi-siamo\/","url":"https:\/\/develop.ancientandrecent.com\/it\/chi-siamo\/","name":"Chi Siamo - Ancient and Recent","isPartOf":{"@id":"https:\/\/develop.ancientandrecent.com\/it\/#website"},"datePublished":"2021-09-20T09:10:51+00:00","dateModified":"2022-02-04T13:14:45+00:00","description":"Scopri chi siamo in un Tour Colosseo Realt\u00e0 Virtuale; Circo Massimo, Vaticano in Realt\u00e0 Virtuale; Realt\u00e0 Aumentata Civita di Bagnoregio","breadcrumb":{"@id":"https:\/\/develop.ancientandrecent.com\/it\/chi-siamo\/#breadcrumb"},"inLanguage":"it-IT","potentialAction":[{"@type":"ReadAction","target":["https:\/\/develop.ancientandrecent.com\/it\/chi-siamo\/"]}]},{"@type":"BreadcrumbList","@id":"https:\/\/develop.ancientandrecent.com\/it\/chi-siamo\/#breadcrumb","itemListElement":[{"@type":"ListItem","position":1,"name":"Home","item":"https:\/\/develop.ancientandrecent.com\/it\/"},{"@type":"ListItem","position":2,"name":"Chi Siamo"}]},{"@type":"WebSite","@id":"https:\/\/develop.ancientandrecent.com\/it\/#website","url":"https:\/\/develop.ancientandrecent.com\/it\/","name":"Ancient and Recent","description":"Prenota Tour Attrazioni Biglietti con Realt\u00e0 Virtuale","publisher":{"@id":"https:\/\/develop.ancientandrecent.com\/it\/#organization"},"potentialAction":[{"@type":"SearchAction","target":{"@type":"EntryPoint","urlTemplate":"https:\/\/develop.ancientandrecent.com\/it\/?s={search_term_string}"},"query-input":{"@type":"PropertyValueSpecification","valueRequired":true,"valueName":"search_term_string"}}],"inLanguage":"it-IT"},{"@type":"Organization","@id":"https:\/\/develop.ancientandrecent.com\/it\/#organization","name":"Ancient and Recent","url":"https:\/\/develop.ancientandrecent.com\/it\/","logo":{"@type":"ImageObject","inLanguage":"it-IT","@id":"https:\/\/develop.ancientandrecent.com\/it\/#\/schema\/logo\/image\/","url":"https:\/\/develop.ancientandrecent.com\/wp-content\/uploads\/2021\/05\/ancient-and-recent-logo-footer.png","contentUrl":"https:\/\/develop.ancientandrecent.com\/wp-content\/uploads\/2021\/05\/ancient-and-recent-logo-footer.png","width":276,"height":215,"caption":"Ancient and Recent"},"image":{"@id":"https:\/\/develop.ancientandrecent.com\/it\/#\/schema\/logo\/image\/"}}]}},"_links":{"self":[{"href":"https:\/\/develop.ancientandrecent.com\/it\/wp-json\/wp\/v2\/pages\/4206","targetHints":{"allow":["GET"]}}],"collection":[{"href":"https:\/\/develop.ancientandrecent.com\/it\/wp-json\/wp\/v2\/pages"}],"about":[{"href":"https:\/\/develop.ancientandrecent.com\/it\/wp-json\/wp\/v2\/types\/page"}],"author":[{"embeddable":true,"href":"https:\/\/develop.ancientandrecent.com\/it\/wp-json\/wp\/v2\/users\/1"}],"replies":[{"embeddable":true,"href":"https:\/\/develop.ancientandrecent.com\/it\/wp-json\/wp\/v2\/comments?post=4206"}],"version-history":[{"count":20,"href":"https:\/\/develop.ancientandrecent.com\/it\/wp-json\/wp\/v2\/pages\/4206\/revisions"}],"predecessor-version":[{"id":9728,"href":"https:\/\/develop.ancientandrecent.com\/it\/wp-json\/wp\/v2\/pages\/4206\/revisions\/9728"}],"wp:attachment":[{"href":"https:\/\/develop.ancientandrecent.com\/it\/wp-json\/wp\/v2\/media?parent=4206"}],"curies":[{"name":"wp","href":"https:\/\/api.w.org\/{rel}","templated":true}]}}